{"id":1314,"date":"2024-07-31T06:24:34","date_gmt":"2024-07-31T04:24:34","guid":{"rendered":"https:\/\/sanchocasualburger.com\/?page_id=1314"},"modified":"2024-08-02T06:24:43","modified_gmt":"2024-08-02T04:24:43","slug":"somos","status":"publish","type":"page","link":"https:\/\/sanchocasualburger.com\/en\/somos\/","title":{"rendered":"About Us"},"content":{"rendered":"\t\t<div data-elementor-type=\"wp-page\" data-elementor-id=\"1314\" class=\"elementor elementor-1314\" data-elementor-post-type=\"page\">\n\t\t\t\t<div class=\"elementor-element elementor-element-fc11701 e-con-full e-flex e-con e-parent\" data-id=\"fc11701\" data-element_type=\"container\" data-e-type=\"container\">\n\t\t\t\t<div class=\"elementor-element elementor-element-ad19e5d elementor-widget elementor-widget-spacer\" data-id=\"ad19e5d\" data-element_type=\"widget\" data-e-type=\"widget\" data-widget_type=\"spacer.default\">\n\t\t\t\t<div class=\"elementor-widget-container\">\n\t\t\t\t\t\t\t<div class=\"elementor-spacer\">\n\t\t\t<div class=\"elementor-spacer-inner\"><\/div>\n\t\t<\/div>\n\t\t\t\t\t\t<\/div>\n\t\t\t\t<\/div>\n\t\t\t\t<div class=\"elementor-element elementor-element-deaf9e0 elementor-widget elementor-widget-image\" data-id=\"deaf9e0\" data-element_type=\"widget\" data-e-type=\"widget\" data-widget_type=\"image.default\">\n\t\t\t\t<div class=\"elementor-widget-container\">\n\t\t\t\t\t\t\t\t\t\t\t\t\t\t\t<img decoding=\"async\" src=\"https:\/\/sanchocasualburger.com\/wp-content\/uploads\/elementor\/thumbs\/postbox_1f4ee-qzinuadcfnblukssl1vl6rpvizrn7reoqfq5q10m6w.png\" title=\"Emoji Email\" alt=\"Emoji Email\" loading=\"lazy\" \/>\t\t\t\t\t\t\t\t\t\t\t\t\t\t\t<\/div>\n\t\t\t\t<\/div>\n\t\t\t\t<div class=\"elementor-element elementor-element-ca1efac elementor-widget elementor-widget-heading\" data-id=\"ca1efac\" data-element_type=\"widget\" data-e-type=\"widget\" data-widget_type=\"heading.default\">\n\t\t\t\t<div class=\"elementor-widget-container\">\n\t\t\t\t\t<h1 class=\"elementor-heading-title elementor-size-default\">SOMOS<\/h1>\t\t\t\t<\/div>\n\t\t\t\t<\/div>\n\t\t\t\t<div class=\"elementor-element elementor-element-1b6f7e1 elementor-widget elementor-widget-heading\" data-id=\"1b6f7e1\" data-element_type=\"widget\" data-e-type=\"widget\" data-widget_type=\"heading.default\">\n\t\t\t\t<div class=\"elementor-widget-container\">\n\t\t\t\t\t<h2 class=\"elementor-heading-title elementor-size-default\">Sancho Casual Burger, una peque\u00f1a empresa familiar que hace burgers de p*** madre en Granada desde 2008.<\/h2>\t\t\t\t<\/div>\n\t\t\t\t<\/div>\n\t\t\t\t<div class=\"elementor-element elementor-element-37940a4 e-transform elementor-widget elementor-widget-image\" data-id=\"37940a4\" data-element_type=\"widget\" data-e-type=\"widget\" data-settings=\"{&quot;_transform_rotateZ_effect&quot;:{&quot;unit&quot;:&quot;px&quot;,&quot;size&quot;:&quot;&quot;,&quot;sizes&quot;:[]},&quot;_transform_rotateZ_effect_tablet&quot;:{&quot;unit&quot;:&quot;deg&quot;,&quot;size&quot;:&quot;&quot;,&quot;sizes&quot;:[]},&quot;_transform_rotateZ_effect_mobile&quot;:{&quot;unit&quot;:&quot;deg&quot;,&quot;size&quot;:&quot;&quot;,&quot;sizes&quot;:[]}}\" data-widget_type=\"image.default\">\n\t\t\t\t<div class=\"elementor-widget-container\">\n\t\t\t\t\t\t\t\t\t\t\t\t\t\t\t<img decoding=\"async\" src=\"https:\/\/sanchocasualburger.com\/wp-content\/uploads\/elementor\/thumbs\/Sancho-Casual-Burger-Sellos-Varios-qzia9nxmzr8dphfd3fpy044rvih0k2rvyxogcl8kqo.png\" title=\"Sancho Casual Burger Sellos Varios\" alt=\"Sancho Casual Burger Sellos Varios\" loading=\"lazy\" \/>\t\t\t\t\t\t\t\t\t\t\t\t\t\t\t<\/div>\n\t\t\t\t<\/div>\n\t\t\t\t<div class=\"elementor-element elementor-element-7169489 elementor-widget elementor-widget-spacer\" data-id=\"7169489\" data-element_type=\"widget\" data-e-type=\"widget\" data-widget_type=\"spacer.default\">\n\t\t\t\t<div class=\"elementor-widget-container\">\n\t\t\t\t\t\t\t<div class=\"elementor-spacer\">\n\t\t\t<div class=\"elementor-spacer-inner\"><\/div>\n\t\t<\/div>\n\t\t\t\t\t\t<\/div>\n\t\t\t\t<\/div>\n\t\t<div class=\"elementor-element elementor-element-16bf343 e-con-full e-flex e-con e-child\" data-id=\"16bf343\" data-element_type=\"container\" data-e-type=\"container\">\n\t\t\t\t<div class=\"elementor-element elementor-element-1982bc1 elementor-widget elementor-widget-text-editor\" data-id=\"1982bc1\" data-element_type=\"widget\" data-e-type=\"widget\" data-widget_type=\"text-editor.default\">\n\t\t\t\t<div class=\"elementor-widget-container\">\n\t\t\t\t\t\t\t\t\t<p>MISI\u00d3N<\/p><p>Nuestra misi\u00f3n es sencilla de describir, vinimos a cambiar la percepci\u00f3n que se ten\u00eda en Granada de que una hamburguesa no pod\u00eda estar a la altura gastron\u00f3mica de otras disciplinas. Hasta 2008 las burgers en Granada se com\u00edan en grandes franquicias, cuando sal\u00edas de fiesta o en los t\u00edpicos puestos de feria y eso lo hac\u00eda estar dentro de las denominadas comidas r\u00e1pidas o fastfood.\u00a0 Hasta que llegamos nosotros.<\/p><p>En 2008 creamos Sancho Casual Food y nuestra carta a\u00fan era tibia, ten\u00edamos unas pocas hamburguesas con recetas distintas y sobre todo ten\u00edamos platos de carne y otros principales que nos hac\u00edan perder foco y ser un poco generalistas. En 2015 decidimos cambiar nuestro nombre al actual Sancho Casual Burger, aqu\u00ed ya ten\u00edamos claro que si ven\u00edas a Sancho ten\u00eda que ser por nuestras burgers.\u00a0<\/p><p>Durante estos \u00faltimos a\u00f1os hemos cambiado muchas cosas, nos enfocamos en crear el mejor producto bajo nuestro punto de vista, ingredientes de primera para que nuestro concepto tuviera sentido. Esto mezclado con el dise\u00f1o de recetas creadas por nosotros mismos, puedes ver algunas de las recetas en <a href=\"\/burger-hall-of-fame\">Burger Hall Of Fame<\/a> d\u00f3nde ver\u00e1s nuestra evoluci\u00f3n.<\/p><p style=\"text-align: left;\">Hoy el sector de la hamburgueser\u00eda est\u00e1 muy fuerte en la ciudad, m\u00e1s de 20 marcas locales y otras tantas internacionales, hacen de Granada un foco en el sector del que nos llena de orgullo haber contribuido a construirlo.\u00a0<\/p><p>Sancho Casual Burger pertenece a grupo BySancho, gestionado por la familia Jim\u00e9nez-Fern\u00e1ndez, hosteleros desde 1981. Otros conceptos que pertenecen al grupo son Sancho Original y Sancho Doggy Dog.<\/p>\t\t\t\t\t\t\t\t<\/div>\n\t\t\t\t<\/div>\n\t\t\t\t<div class=\"elementor-element elementor-element-4f78f68 elementor-widget elementor-widget-text-editor\" data-id=\"4f78f68\" data-element_type=\"widget\" data-e-type=\"widget\" data-widget_type=\"text-editor.default\">\n\t\t\t\t<div class=\"elementor-widget-container\">\n\t\t\t\t\t\t\t\t\t<p>NUESTRO MANIFIESTO<\/p>\n<p>Uno de nuestros puntos clave del Manifiesto es demasiado sencillo de explicar. Somos un restaurante sencillo que le gusta hacer burgers de p*ta madre, y no lo decimos as\u00ed a la ligera, llevamos 16 a\u00f1os en constante evoluci\u00f3n y siempre obsesionados con buscar ese siguiente ingrediente que lo haga todo m\u00e1s genial.&nbsp;<\/p>\n<p>Pero claro, esto a veces no es tan sencillo como decirlo y en un mundo globalizado, apostar por lo local para contribuir a nuestro entorno, devolviendo un poco de lo que \u00e9l nos da, no es f\u00e1cil. Intentamos en la medida de lo posible comprar producto de cercan\u00eda para huir de lo industrial y que impacte de forma positiva.<\/p>\n<p>Somos de barrio, ese local que te gusta visitar porque te sientes bien. Siempre estamos abiertos para que vengas a vernos, nuestras cocinas est\u00e1n abiertas para que veas nuestros procesos, transparentes como la gente que trabajamos haciendo tus burgers en Granada.<\/p>\n<p>No somos perfectos ni tampoco lo queremos ser, tenemos un equipo humano muy accesible y si nos equivocamos lo hacemos desde la humildad de alguien que se puede equivocar, por eso te invitamos a que hables con nosotros, nos conozcas y nos hagamos amigos.&nbsp;<\/p>\t\t\t\t\t\t\t\t<\/div>\n\t\t\t\t<\/div>\n\t\t\t\t<div class=\"elementor-element elementor-element-e3e7b7c elementor-align-left elementor-widget elementor-widget-button\" data-id=\"e3e7b7c\" data-element_type=\"widget\" data-e-type=\"widget\" data-widget_type=\"button.default\">\n\t\t\t\t<div class=\"elementor-widget-container\">\n\t\t\t\t\t\t\t\t\t<div class=\"elementor-button-wrapper\">\n\t\t\t\t\t<a class=\"elementor-button elementor-button-link elementor-size-sm\" href=\"\/manifiesto\">\n\t\t\t\t\t\t<span class=\"elementor-button-content-wrapper\">\n\t\t\t\t\t\t<span class=\"elementor-button-icon\">\n\t\t\t\t<svg aria-hidden=\"true\" class=\"e-font-icon-svg e-fas-arrow-right\" viewBox=\"0 0 448 512\" xmlns=\"http:\/\/www.w3.org\/2000\/svg\"><path d=\"M190.5 66.9l22.2-22.2c9.4-9.4 24.6-9.4 33.9 0L441 239c9.4 9.4 9.4 24.6 0 33.9L246.6 467.3c-9.4 9.4-24.6 9.4-33.9 0l-22.2-22.2c-9.5-9.5-9.3-25 .4-34.3L311.4 296H24c-13.3 0-24-10.7-24-24v-32c0-13.3 10.7-24 24-24h287.4L190.9 101.2c-9.8-9.3-10-24.8-.4-34.3z\"><\/path><\/svg>\t\t\t<\/span>\n\t\t\t\t\t\t\t\t\t<span class=\"elementor-button-text\">NUESTRO MANIFIESTO<\/span>\n\t\t\t\t\t<\/span>\n\t\t\t\t\t<\/a>\n\t\t\t\t<\/div>\n\t\t\t\t\t\t\t\t<\/div>\n\t\t\t\t<\/div>\n\t\t\t\t<div class=\"elementor-element elementor-element-0078efe elementor-widget elementor-widget-spacer\" data-id=\"0078efe\" data-element_type=\"widget\" data-e-type=\"widget\" data-widget_type=\"spacer.default\">\n\t\t\t\t<div class=\"elementor-widget-container\">\n\t\t\t\t\t\t\t<div class=\"elementor-spacer\">\n\t\t\t<div class=\"elementor-spacer-inner\"><\/div>\n\t\t<\/div>\n\t\t\t\t\t\t<\/div>\n\t\t\t\t<\/div>\n\t\t\t\t<div class=\"elementor-element elementor-element-948673d elementor-widget elementor-widget-text-editor\" data-id=\"948673d\" data-element_type=\"widget\" data-e-type=\"widget\" data-widget_type=\"text-editor.default\">\n\t\t\t\t<div class=\"elementor-widget-container\">\n\t\t\t\t\t\t\t\t\t<p>EL CONCEPTO SANCHO<\/p><p>Divertirnos haciendo lo que hacemos es nuestro concepto b\u00e1sico, hacemos las cosas en torno a esto y as\u00ed queremos que sea.\u00a0<\/p><p>Sancho Casual Burger es un restaurante local nacido en Granada y no es una franquicia ni lo ser\u00e1. No ver\u00e1s un Sancho que no gestionemos nosotros y siempre rechazaremos la apertura por terceros. Nuestra empresa es familiar y la gesti\u00f3n la hacemos nosotros mismos.<\/p><p>Hamburguesas con sabores del mundo, dise\u00f1adas por nosotros mismos y esto para nosotros es una de nuestras claves. No copiamos burgers de Instagram ni seguimos modas por seguirlas, nuestra premisa siempre ser\u00e1, dignificar la burger como una comida premium. De aqu\u00ed radica uno de nuestros sloganes, \u00abBurgers de Verdad\u00bb.<\/p>\t\t\t\t\t\t\t\t<\/div>\n\t\t\t\t<\/div>\n\t\t\t\t<div class=\"elementor-element elementor-element-9b9f0a5 elementor-widget elementor-widget-text-editor\" data-id=\"9b9f0a5\" data-element_type=\"widget\" data-e-type=\"widget\" data-widget_type=\"text-editor.default\">\n\t\t\t\t<div class=\"elementor-widget-container\">\n\t\t\t\t\t\t\t\t\t<p>BURGERS DE VERDAD<\/p><p>Tenemos claro que nuestro slogan es tan taxativo porque as\u00ed lo creemos. \u00bfQu\u00e9 significa que hacemos Burgers de Verdad? Es tan f\u00e1cil como que aqu\u00ed no hay artificios, ni colorantes, ni conservantes ni nada de esto, nuestras burgers se hacen con nuestra picada de carne y sal, nada m\u00e1s.\u00a0<\/p>\t\t\t\t\t\t\t\t<\/div>\n\t\t\t\t<\/div>\n\t\t\t\t<div class=\"elementor-element elementor-element-012176d elementor-widget elementor-widget-text-editor\" data-id=\"012176d\" data-element_type=\"widget\" data-e-type=\"widget\" data-widget_type=\"text-editor.default\">\n\t\t\t\t<div class=\"elementor-widget-container\">\n\t\t\t\t\t\t\t\t\t<p>\u00bfPOR QU\u00c9 NO TENEMOS SMASH BURGERS?<\/p><p>Nuestra m\u00e1xima con la carne es que siempre prevalezca por encima de todo, es decir, cuando comes una burger lo primero que tiene que lucir por encima de todo es una buena carne, con el balanceo perfecto entre parte magra y grasa para ayudarte a tu digesti\u00f3n. En el sector de las smash la carne casi que da igual, su aporte de grasa es muy alta y el efecto Maillard es el protagonista, esa caramelizaci\u00f3n del tueste que cambia por completo los sabores de la carne.\u00a0 Las salsas son las protagonistas y la mezcla de sabores es la clave para este producto. Por eso, para nosotros no pueden considerarse productos iguales ya que su proceso de ejecuci\u00f3n es muy diferente.\u00a0<\/p><p>Nosotros cocinamos con parrilla de piedras de lava volc\u00e1nica y hacer una Smash es pr\u00e1cticamente imposible. \u00bfAlg\u00fan d\u00eda haremos smash? Todo puede pasar, pero por ahora nos quedamos como est\u00e1mos.<\/p>\t\t\t\t\t\t\t\t<\/div>\n\t\t\t\t<\/div>\n\t\t\t\t<div class=\"elementor-element elementor-element-48a18cb elementor-widget elementor-widget-text-editor\" data-id=\"48a18cb\" data-element_type=\"widget\" data-e-type=\"widget\" data-widget_type=\"text-editor.default\">\n\t\t\t\t<div class=\"elementor-widget-container\">\n\t\t\t\t\t\t\t\t\t<p>FUTURO<\/p><p>\u00bfQu\u00e9 nos depara el futuro? Pues la verdad es que no tenemos mucha idea, el crecimiento en una empresa familiar con recursos propios no es tan sencillo. No queremos ser participados por ning\u00fan fondo ni por socios externos y por eso nuestro crecimiento ser\u00e1 limitado pero ser\u00e1 como nosotros, confiable. \ud83d\ude09<\/p>\t\t\t\t\t\t\t\t<\/div>\n\t\t\t\t<\/div>\n\t\t\t\t<div class=\"elementor-element elementor-element-4527a06 elementor-widget elementor-widget-spacer\" data-id=\"4527a06\" data-element_type=\"widget\" data-e-type=\"widget\" data-widget_type=\"spacer.default\">\n\t\t\t\t<div class=\"elementor-widget-container\">\n\t\t\t\t\t\t\t<div class=\"elementor-spacer\">\n\t\t\t<div class=\"elementor-spacer-inner\"><\/div>\n\t\t<\/div>\n\t\t\t\t\t\t<\/div>\n\t\t\t\t<\/div>\n\t\t\t\t<div class=\"elementor-element elementor-element-7977c1a elementor-widget elementor-widget-image\" data-id=\"7977c1a\" data-element_type=\"widget\" data-e-type=\"widget\" data-settings=\"{&quot;motion_fx_motion_fx_scrolling&quot;:&quot;yes&quot;,&quot;motion_fx_scale_effect&quot;:&quot;yes&quot;,&quot;motion_fx_scale_speed&quot;:{&quot;unit&quot;:&quot;px&quot;,&quot;size&quot;:5,&quot;sizes&quot;:[]},&quot;motion_fx_scale_range&quot;:{&quot;unit&quot;:&quot;%&quot;,&quot;size&quot;:&quot;&quot;,&quot;sizes&quot;:{&quot;start&quot;:0,&quot;end&quot;:100}},&quot;motion_fx_scale_direction&quot;:&quot;out-in&quot;,&quot;motion_fx_devices&quot;:[&quot;desktop&quot;,&quot;tablet&quot;,&quot;mobile&quot;]}\" data-widget_type=\"image.default\">\n\t\t\t\t<div class=\"elementor-widget-container\">\n\t\t\t\t\t\t\t\t\t\t\t\t\t\t\t<img decoding=\"async\" src=\"https:\/\/sanchocasualburger.com\/wp-content\/uploads\/elementor\/thumbs\/Sancho_Casual_Burger-JuanCruz_Foto-qrosf4mot456c5d3s1jk770y5u5gsdhvtcfho4sidc.jpg\" title=\"Sancho_Casual_Burger-JuanCruz_Foto\" alt=\"Juan Cruz comiendo una burger de Sancho Casual Burger\" loading=\"lazy\" \/>\t\t\t\t\t\t\t\t\t\t\t\t\t\t\t<\/div>\n\t\t\t\t<\/div>\n\t\t\t\t<\/div>\n\t\t\t\t<\/div>\n\t\t\t\t<\/div>\n\t\t","protected":false},"excerpt":{"rendered":"<p>SOMOS Sancho Casual Burger, una peque\u00f1a empresa familiar que hace burgers de p*** madre en Granada desde 2008. MISI\u00d3N Nuestra misi\u00f3n es sencilla de describir, vinimos a cambiar la percepci\u00f3n que se ten\u00eda en Granada de que una hamburguesa no pod\u00eda estar a la altura gastron\u00f3mica de otras disciplinas. Hasta 2008 las burgers en Granada [&hellip;]<\/p>\n","protected":false},"author":1,"featured_media":0,"parent":0,"menu_order":0,"comment_status":"closed","ping_status":"closed","template":"","meta":{"footnotes":""},"class_list":["post-1314","page","type-page","status-publish","hentry"],"jetpack_sharing_enabled":true,"_links":{"self":[{"href":"https:\/\/sanchocasualburger.com\/en\/wp-json\/wp\/v2\/pages\/1314","targetHints":{"allow":["GET"]}}],"collection":[{"href":"https:\/\/sanchocasualburger.com\/en\/wp-json\/wp\/v2\/pages"}],"about":[{"href":"https:\/\/sanchocasualburger.com\/en\/wp-json\/wp\/v2\/types\/page"}],"author":[{"embeddable":true,"href":"https:\/\/sanchocasualburger.com\/en\/wp-json\/wp\/v2\/users\/1"}],"replies":[{"embeddable":true,"href":"https:\/\/sanchocasualburger.com\/en\/wp-json\/wp\/v2\/comments?post=1314"}],"version-history":[{"count":0,"href":"https:\/\/sanchocasualburger.com\/en\/wp-json\/wp\/v2\/pages\/1314\/revisions"}],"wp:attachment":[{"href":"https:\/\/sanchocasualburger.com\/en\/wp-json\/wp\/v2\/media?parent=1314"}],"curies":[{"name":"wp","href":"https:\/\/api.w.org\/{rel}","templated":true}]}}