{"id":1373,"date":"2024-08-01T06:05:34","date_gmt":"2024-08-01T04:05:34","guid":{"rendered":"https:\/\/sanchocasualburger.com\/?page_id=1373"},"modified":"2024-08-01T20:51:15","modified_gmt":"2024-08-01T18:51:15","slug":"normativas","status":"publish","type":"page","link":"https:\/\/sanchocasualburger.com\/en\/normativas\/","title":{"rendered":"Regulations"},"content":{"rendered":"<div data-elementor-type=\"wp-page\" data-elementor-id=\"1373\" class=\"elementor elementor-1373\" data-elementor-post-type=\"page\">\n\t\t\t\t<div class=\"elementor-element elementor-element-fc11701 e-con-full e-flex e-con e-parent\" data-id=\"fc11701\" data-element_type=\"container\" data-e-type=\"container\">\n\t\t\t\t<div class=\"elementor-element elementor-element-ad19e5d elementor-widget elementor-widget-spacer\" data-id=\"ad19e5d\" data-element_type=\"widget\" data-e-type=\"widget\" data-widget_type=\"spacer.default\">\n\t\t\t\t<div class=\"elementor-widget-container\">\n\t\t\t\t\t\t\t<div class=\"elementor-spacer\">\n\t\t\t<div class=\"elementor-spacer-inner\"><\/div>\n\t\t<\/div>\n\t\t\t\t\t\t<\/div>\n\t\t\t\t<\/div>\n\t\t\t\t<div class=\"elementor-element elementor-element-deaf9e0 elementor-widget elementor-widget-image\" data-id=\"deaf9e0\" data-element_type=\"widget\" data-e-type=\"widget\" data-widget_type=\"image.default\">\n\t\t\t\t<div class=\"elementor-widget-container\">\n\t\t\t\t\t\t\t\t\t\t\t\t\t\t\t<img decoding=\"async\" src=\"https:\/\/sanchocasualburger.com\/wp-content\/uploads\/elementor\/thumbs\/Sancho-Casual-Burger-Burger-Bot-qzia9tkov2nchmbovwr3g16iajcv6889kr2flh9rny.png\" title=\"Sancho-Casual-Burger-Burger-Bot\" alt=\"Emoji Bot\" loading=\"lazy\" \/>\t\t\t\t\t\t\t\t\t\t\t\t\t\t\t<\/div>\n\t\t\t\t<\/div>\n\t\t\t\t<div class=\"elementor-element elementor-element-ca1efac elementor-widget elementor-widget-heading\" data-id=\"ca1efac\" data-element_type=\"widget\" data-e-type=\"widget\" data-widget_type=\"heading.default\">\n\t\t\t\t<div class=\"elementor-widget-container\">\n\t\t\t\t\t<h1 class=\"elementor-heading-title elementor-size-default\">Regulations<\/h1>\t\t\t\t<\/div>\n\t\t\t\t<\/div>\n\t\t\t\t<div class=\"elementor-element elementor-element-1b6f7e1 elementor-widget elementor-widget-heading\" data-id=\"1b6f7e1\" data-element_type=\"widget\" data-e-type=\"widget\" data-widget_type=\"heading.default\">\n\t\t\t\t<div class=\"elementor-widget-container\">\n\t\t\t\t\t<h2 class=\"elementor-heading-title elementor-size-default\">Aqu\u00ed te contamos algunas aclaraciones que son importantes tener en cuenta.<\/h2>\t\t\t\t<\/div>\n\t\t\t\t<\/div>\n\t\t\t\t<div class=\"elementor-element elementor-element-7169489 elementor-widget elementor-widget-spacer\" data-id=\"7169489\" data-element_type=\"widget\" data-e-type=\"widget\" data-widget_type=\"spacer.default\">\n\t\t\t\t<div class=\"elementor-widget-container\">\n\t\t\t\t\t\t\t<div class=\"elementor-spacer\">\n\t\t\t<div class=\"elementor-spacer-inner\"><\/div>\n\t\t<\/div>\n\t\t\t\t\t\t<\/div>\n\t\t\t\t<\/div>\n\t\t<div class=\"elementor-element elementor-element-16bf343 e-con-full e-flex e-con e-child\" data-id=\"16bf343\" data-element_type=\"container\" data-e-type=\"container\">\n\t\t\t\t<div class=\"elementor-element elementor-element-1982bc1 elementor-widget elementor-widget-text-editor\" data-id=\"1982bc1\" data-element_type=\"widget\" data-e-type=\"widget\" data-widget_type=\"text-editor.default\">\n\t\t\t\t<div class=\"elementor-widget-container\">\n\t\t\t\t\t\t\t\t\t<p>SOBRE PRECIOS<\/p>\n<ul>\n<li>Todos los precios aqu\u00ed expuestos contemplan el 10% de IVA.<\/li>\n<\/ul>\n<p>SOBRE AL\u00c9RGENOS<\/p>\n<ul>\n<li>Los al\u00e9rgenos est\u00e1n indicados en cada plato pero si lo desea puede pedir una carta completa a nuestros compa\u00f1eros de sala.<\/li>\n<li>Aunque en cocina se tienen todas las precauciones, no podemos asegurar que no haya contaminaci\u00f3n cruzada de gluten en nuestras recetas.<\/li>\n<\/ul>\n<p>SOBRE PROMOCIONES<\/p>\n<ul>\n<li>Las promociones no son compatibles entre s\u00ed.<\/li>\n<li>Las promociones y premios entregados en redes sociales se podr\u00e1n consumir seg\u00fan los t\u00e9rminos explicados en cada uno de los posts.<\/li>\n<\/ul>\n<p>SOBRE DELIVERIES Y TAKEAWAY<\/p>\n<ul>\n<li>Las burgers especiales, men\u00fa infantil o burgers a partir de tres carnes no se sirven en opci\u00f3n TakeAway.<\/li>\n<li>S\u00f3lo operamos en Glovo en exclusividad, por tanto no podr\u00e1s encontrarnos en otras plataformas que no sea esta.&nbsp;<\/li>\n<li>No somos responsables de las entregas, cobros o atenci\u00f3n al cliente de las plataformas de delivery pero si ocurre algo con tu pedido intentaremos ayudarte con la plataforma. Por favor lee las preguntas frecuentes sobre los env\u00edos con Glovo en la p\u00e1gina <a href=\"\/en\/pide-en-casa\/\">Pide En Casa<\/a><\/li>\n<\/ul>\n<p>SOBRE PERSONALIZACIONES<\/p>\n<ul>\n<li>Los ingredientes a\u00f1adidos en la personalizaci\u00f3n de tu burger gener\u00e1n el incremento de coste del ingrediente solicitado.&nbsp;<\/li>\n<\/ul>\n<p>SOBRE CARTA<\/p>\n<ul>\n<li>Si tienes dudas sobre alg\u00fan plato, por favor preg\u00fantale a nuestros compa\u00f1eros.<\/li>\n<li>En Sancho Casual Burger no hay nada congelado, si quieres asegurarte de c\u00f3mo se hace alguno de tus platos puedes hablar con nuestros compa\u00f1eros de sala y ellos te explicar\u00e1n e incluso podr\u00e1n hacerte una visita a cocina para verlo tu mismx.&nbsp;<\/li>\n<li>Las opciones de men\u00fa y otras normas pueden variar seg\u00fan el establecimiento en el que te encuentres.<\/li>\n<li>El men\u00fa infantil es posible consumirlo para ni\u00f1os y ni\u00f1as de hasta 9 a\u00f1os.<\/li>\n<\/ul>\t\t\t\t\t\t\t\t<\/div>\n\t\t\t\t<\/div>\n\t\t\t\t<div class=\"elementor-element elementor-element-0078efe elementor-widget elementor-widget-spacer\" data-id=\"0078efe\" data-element_type=\"widget\" data-e-type=\"widget\" data-widget_type=\"spacer.default\">\n\t\t\t\t<div class=\"elementor-widget-container\">\n\t\t\t\t\t\t\t<div class=\"elementor-spacer\">\n\t\t\t<div class=\"elementor-spacer-inner\"><\/div>\n\t\t<\/div>\n\t\t\t\t\t\t<\/div>\n\t\t\t\t<\/div>\n\t\t\t\t<\/div>\n\t\t\t\t<\/div>\n\t\t\t\t<\/div>","protected":false},"excerpt":{"rendered":"<p>Normativas Aqu\u00ed te contamos algunas aclaraciones que son importantes tener en cuenta. SOBRE PRECIOS Todos los precios aqu\u00ed expuestos contemplan el 10% de IVA. SOBRE AL\u00c9RGENOS Los al\u00e9rgenos est\u00e1n indicados en cada plato pero si lo desea puede pedir una carta completa a nuestros compa\u00f1eros de sala. Aunque en cocina se tienen todas las precauciones, [&hellip;]<\/p>\n","protected":false},"author":1,"featured_media":0,"parent":0,"menu_order":0,"comment_status":"closed","ping_status":"closed","template":"","meta":{"footnotes":""},"class_list":["post-1373","page","type-page","status-publish","hentry"],"jetpack_sharing_enabled":true,"_links":{"self":[{"href":"https:\/\/sanchocasualburger.com\/en\/wp-json\/wp\/v2\/pages\/1373","targetHints":{"allow":["GET"]}}],"collection":[{"href":"https:\/\/sanchocasualburger.com\/en\/wp-json\/wp\/v2\/pages"}],"about":[{"href":"https:\/\/sanchocasualburger.com\/en\/wp-json\/wp\/v2\/types\/page"}],"author":[{"embeddable":true,"href":"https:\/\/sanchocasualburger.com\/en\/wp-json\/wp\/v2\/users\/1"}],"replies":[{"embeddable":true,"href":"https:\/\/sanchocasualburger.com\/en\/wp-json\/wp\/v2\/comments?post=1373"}],"version-history":[{"count":0,"href":"https:\/\/sanchocasualburger.com\/en\/wp-json\/wp\/v2\/pages\/1373\/revisions"}],"wp:attachment":[{"href":"https:\/\/sanchocasualburger.com\/en\/wp-json\/wp\/v2\/media?parent=1373"}],"curies":[{"name":"wp","href":"https:\/\/api.w.org\/{rel}","templated":true}]}}