{"id":3,"date":"2024-03-24T10:27:55","date_gmt":"2024-03-24T09:27:55","guid":{"rendered":"http:\/\/sanchocasualburger.com\/?page_id=3"},"modified":"2024-07-31T08:44:28","modified_gmt":"2024-07-31T06:44:28","slug":"politica-privacidad","status":"publish","type":"page","link":"https:\/\/sanchocasualburger.com\/en\/politica-privacidad\/","title":{"rendered":"Pol\u00edtica de privacidad"},"content":{"rendered":"<div data-elementor-type=\"wp-page\" data-elementor-id=\"3\" class=\"elementor elementor-3\" data-elementor-post-type=\"page\">\n\t\t\t\t<div class=\"elementor-element elementor-element-2ad57c4d e-flex e-con-boxed e-con e-parent\" data-id=\"2ad57c4d\" data-element_type=\"container\" data-e-type=\"container\">\n\t\t\t\t\t<div class=\"e-con-inner\">\n\t\t\t\t<div class=\"elementor-element elementor-element-27163b1 elementor-widget elementor-widget-heading\" data-id=\"27163b1\" data-element_type=\"widget\" data-e-type=\"widget\" data-widget_type=\"heading.default\">\n\t\t\t\t<div class=\"elementor-widget-container\">\n\t\t\t\t\t<h2 class=\"elementor-heading-title elementor-size-default\">Recogida de datos en p\u00e1gina web (LSSICE + LOPD)<\/h2>\t\t\t\t<\/div>\n\t\t\t\t<\/div>\n\t\t\t\t<div class=\"elementor-element elementor-element-b45210f elementor-widget elementor-widget-text-editor\" data-id=\"b45210f\" data-element_type=\"widget\" data-e-type=\"widget\" data-widget_type=\"text-editor.default\">\n\t\t\t\t<div class=\"elementor-widget-container\">\n\t\t\t\t\t\t\t\t\t<div class=\"page\" title=\"Page 4\">\n<div class=\"layoutArea\">\n<div class=\"column\">\n<p>En cumplimiento del Reglamento General de Proteccio\u0301n de Datos (UE) 2016\/679 del Parlamento Europeo y del Consejo de 27 de abril de 2016 y la ley orga\u0301nica 3\/2018 de 5 de diciembre de Proteccio\u0301n de Datos Personales y de Garanti\u0301a de los Derechos Digitales le informamos que los datos por Vd. proporcionados sera\u0301n objeto de tratamiento por parte de GASTROCASUAL S.L con CIF B18979138, con domicilio en GRANADA (GRANADA), C.P. 18002, CALLE TABLAS No 16 , con la finalidad de prestarle el servicio solicitado y\/o contratado, realizar la facturacio\u0301n del mismo.<\/p>\n<p>La base legal para el tratamiento de sus datos es la ejecucio\u0301n del servicio por usted contratado y\/o solicitado. La oferta prospectiva de productos y servicios esta\u0301 basada en el consentimiento que se le solicita, sin que en ningu\u0301n caso la retirada de este consentimiento condicione la ejecucio\u0301n del contrato.<\/p>\n<p>Los datos proporcionados se conservara\u0301n mientras se mantenga la relacio\u0301n comercial o durante los an\u0303os necesarios para cumplir con las obligaciones legales. Los datos no se cedera\u0301n a terceros salvo en los casos en que exista una obligacio\u0301n legal.<\/p>\n<p>Usted tiene derecho a obtener confirmacio\u0301n sobre si en GASTROCASUAL S.L estamos tratando sus datos personales y por tanto tiene derecho a ejercer sus derechos de acceso, rectificacio\u0301n, limitacio\u0301n del tratamiento, portabilidad, oposicio\u0301n al tratamiento y supresio\u0301n de sus datos mediante escrito dirigido a la direccio\u0301n postal arriba mencionada o electro\u0301nica papeleo@bysancho.com, adjuntando copia del DNI en ambos casos, asi\u0301 como el derecho a presentar una reclamacio\u0301n ante la Autoridad de Control (aepd.es)<\/p>\n<p>Asimismo le solicitamos su autorizacio\u0301n para ofrecerle productos y servicios relacionados con los solicitados, prestados y\/o comercializados por nuestra entidad y poder de esa forma fidelizarle como cliente.<\/p>\n<\/div>\n<\/div>\n<\/div>\t\t\t\t\t\t\t\t<\/div>\n\t\t\t\t<\/div>\n\t\t\t\t<div class=\"elementor-element elementor-element-7cfc4dc elementor-widget elementor-widget-heading\" data-id=\"7cfc4dc\" data-element_type=\"widget\" data-e-type=\"widget\" data-widget_type=\"heading.default\">\n\t\t\t\t<div class=\"elementor-widget-container\">\n\t\t\t\t\t<h2 class=\"elementor-heading-title elementor-size-default\">CL\u00c1USULA INFORMATIVA PARA CLIENTES<\/h2>\t\t\t\t<\/div>\n\t\t\t\t<\/div>\n\t\t\t\t<div class=\"elementor-element elementor-element-7df1652 elementor-widget elementor-widget-text-editor\" data-id=\"7df1652\" data-element_type=\"widget\" data-e-type=\"widget\" data-widget_type=\"text-editor.default\">\n\t\t\t\t<div class=\"elementor-widget-container\">\n\t\t\t\t\t\t\t\t\t<div class=\"page\" title=\"Page 4\">\n<div class=\"layoutArea\">\n<div class=\"column\">\n<div class=\"page\" title=\"Page 1\">\n<div class=\"layoutArea\">\n<div class=\"column\">\n<p>En cumplimiento del Reglamento General de Proteccio\u0301n de Datos (UE) 2016\/679 del Parlamento Europeo y del Consejo de 27 de abril de 2016 y la ley orga\u0301nica 3\/2018 de 5 de diciembre de Proteccio\u0301n de Datos Personales y de Garanti\u0301a de los Derechos Digitales le informamos que los datos por Vd. proporcionados sera\u0301n objeto de tratamiento por parte de GASTROCASUAL S.L con CIF B18979138, con domicilio en GRANADA (GRANADA), C.P. 18002 , CALLE TABLAS No 16 , con la finalidad de prestarle el servicio solicitado y\/o contratado, realizar la facturacio\u0301n del mismo.<\/p>\n<p>La base legal para el tratamiento de sus datos es la ejecucio\u0301n del servicio por usted contratado y\/o solicitado. La oferta prospectiva de productos y servicios esta\u0301 basada en el consentimiento que se le solicita, sin que en ningu\u0301n caso la retirada de este consentimiento condicione la ejecucio\u0301n del contrato.<\/p>\n<p>Los datos proporcionados se conservara\u0301n mientras se mantenga la relacio\u0301n comercial o durante los an\u0303os necesarios para cumplir con las obligaciones legales. Los datos no se cedera\u0301n a terceros salvo en los casos en que exista una obligacio\u0301n legal.<\/p>\n<p>Usted tiene derecho a obtener confirmacio\u0301n sobre si en GASTROCASUAL S.L estamos tratando sus datos personales y por tanto tiene derecho a ejercer sus derechos de acceso, rectificacio\u0301n, limitacio\u0301n del tratamiento, portabilidad, oposicio\u0301n al tratamiento y supresio\u0301n de sus datos mediante escrito dirigido a la direccio\u0301n postal arriba mencionada o electro\u0301nica papeleo@bysancho.com, adjuntando copia del DNI en ambos casos, asi\u0301 como el derecho a presentar una reclamacio\u0301n ante la Autoridad de Control (aepd.es)<\/p>\n<p>Asimismo le solicitamos su autorizacio\u0301n para ofrecerle productos y servicios relacionados con los solicitados, prestados y\/o comercializados por nuestra entidad y poder de esa forma fidelizarle como cliente.<\/p>\n<\/div>\n<\/div>\n<\/div>\n<\/div>\n<\/div>\n<\/div>\t\t\t\t\t\t\t\t<\/div>\n\t\t\t\t<\/div>\n\t\t\t\t<div class=\"elementor-element elementor-element-737e4564 elementor-widget elementor-widget-text-editor\" data-id=\"737e4564\" data-element_type=\"widget\" data-e-type=\"widget\" data-widget_type=\"text-editor.default\">\n\t\t\t\t<div class=\"elementor-widget-container\">\n\t\t\t\t\t\t\t\t\t<p><\/p>\n<h2 class=\"wp-block-heading\">\u00bfQui\u00e9n es el responsable del tratamiento de sus datos?<\/h2>\n<p><\/p>\n<div title=\"Page 1\">\n<div>\n<div>\n<div>\n<p>GASTROCASUAL S.L | CIF: B18979138 | Dir.Postal: GRANADA (GRANADA), C.P. 18002, CALLE TABLAS No 16 | E-mail:papeleo@bysancho.com<\/p>\n<\/div>\n<\/div>\n<\/div>\n<\/div>\n<p><\/p>\n<h2 class=\"wp-block-heading\">Comentarios<\/h2>\n<p><\/p>\n<div title=\"Page 1\">\n<div>\n<div>\n<div>\n<p>La privacidad es de gran importancia para GASTROCASUAL S.L y queremos mantener una actitud abierta y transparente al tratar sus datos personales. Por lo tanto, disponemos de una poli\u0301tica que establece co\u0301mo se tratan y protegen sus datos personales.<\/p>\n<\/div>\n<\/div>\n<\/div>\n<\/div>\n<p><\/p>\n<h2 class=\"wp-block-heading\">\u00bfCon qu\u00e9 finalidad tratamos sus datos personales?<\/h2>\n<p><\/p>\n<p>En GASTROCASUAL S.L tratamos la informaci\u00f3n que nos facilitan las personas interesadas con el fin de realizar la gesti\u00f3n administrativa, contable y fiscal de los servicios solicitados, as\u00ed como enviar comunicaciones comerciales sobre nuestros productos y servicios, para cuyo consentimiento usted haya prestado.<\/p>\n<p><\/p>\n<h2 class=\"wp-block-heading\">\u00bfPor cu\u00e1nto tiempo conservaremos sus datos?<\/h2>\n<p><\/p>\n<p>Los datos se conservar\u00e1n mientras se mantenga la relaci\u00f3n comercial, y en su caso, durante los a\u00f1os necesarios para cumplir con las obligaciones legales que resulte de aplicaci\u00f3n.<\/p>\n<p><\/p>\n<h2 class=\"wp-block-heading\">\u00bfCu\u00e1l es la legitimaci\u00f3n para el tratamiento de sus datos?<\/h2>\n<p><\/p>\n<p><span style=\"font-size: 19.2px;\">Le indicamos la base legal para el tratamiento de sus datos:<\/span><\/p>\n<p><span style=\"font-size: 19.2px;\">&#8211; Ejecuci\u00f3n de un contrato: Prestaci\u00f3n de los servicios solicitados<\/span><\/p>\n<p><span style=\"font-size: 19.2px;\">&#8211; Consentimiento del interesado: Env\u00edo de comunicaciones comerciales.<\/span><\/p>\n<p><\/p>\n<h2 class=\"wp-block-heading\">\u00bfA qu\u00e9 destinatarios se comunicar\u00e1n sus datos?<\/h2>\n<p><\/p>\n<p>\u00danicamente se ceder\u00e1n sus datos a los terceros para los cuales hemos recabado debidamente su consentimiento, as\u00ed como para dar cumplimiento a las obligaciones legales.<\/p>\n<p><\/p>\n<h2 class=\"wp-block-heading\">Transferencias de datos a terceros pa\u00edses<\/h2>\n<p><\/p>\n<p>No est\u00e1n previstas transferencias de datos a terceros pa\u00edses.<\/p>\n<p><\/p>\n<h2 class=\"wp-block-heading\">\u00bfCu\u00e1les son sus derechos cuando nos facilita sus datos?<\/h2>\n<p><\/p>\n<p>Cualquier persona tiene derecho a obtener confirmaci\u00f3n sobre si en GASTROCASUAL S.L estamos tratando datos personales que les conciernan, o no.<br \/>Las personas interesadas tienen derecho a acceder a sus datos personales, as\u00ed como a solicitar la rectificaci\u00f3n de los datos inexactos o, en su caso, solicitar su supresi\u00f3n cuando, entre otros motivos, los datos ya no sea necesarios para los fines que fueron recogidos.<br \/>En determinadas circunstancias, los interesados podr\u00e1n solicitar la limitaci\u00f3n del tratamiento de sus datos, en cuyo caso \u00fanicamente los conservaremos para el ejercicio o la defensa de reclamaciones.<br \/>En determinadas circunstancias y por motivos relacionados con su situaci\u00f3n particular, los interesados podr\u00e1n oponerse al tratamiento de sus datos. En este caso, GASTROCASUAL S.L dejar\u00e1 de tratar los datos, salvo por motivos leg\u00edtimos imperiosos, o el ejercicio o la defensa de posibles reclamaciones.<br \/>Podr\u00e1 ejercitar materialmente sus derechos de la siguiente forma: dirigi\u00e9ndose a la direcci\u00f3n de correo electr\u00f3nico del responsable del tratamiento rese\u00f1ado anteriormente adjuntando copia de su DNI o documento de identidad.<br \/>Si ha otorgado su consentimiento para alguna finalidad concreta, tiene derecho a retirar el consentimiento otorgado en cualquier momento, sin que ello afecte a la licitud del tratamiento basado en el consentimiento previo a su retirada.<br \/>En caso de que sienta vulnerados sus derechos en lo concerniente a la protecci\u00f3n de sus datos personales, especialmente cuando no haya obtenido satisfacci\u00f3n en el ejercicio de sus derechos, puede presentar una reclamaci\u00f3n ante la Autoridad de Control en materia de Protecci\u00f3n de Datos competente a trav\u00e9s de su sitio web: WWW.AEPD.ES<\/p>\n<p><\/p>\n<h2 class=\"wp-block-heading\">\u00bfC\u00f3mo hemos obtenido sus datos?<\/h2>\n<p>Los datos personales que tratamos en GASTROCASUAL S.L han sido directamente proporcionados por el interesado. Las categor\u00edas de datos que se tratan son:<br \/>&#8211; Datos identificativos<br \/>&#8211; Direcciones postales y electr\u00f3nicas &#8211; Informaci\u00f3n comercial<\/p>\n<h2>\u00a0<\/h2>\n<h2>CL\u00c1USULA INFORMATIVA PARA CURRICULUMS<\/h2>\n<p><\/p>\n<div title=\"Page 2\">\n<div>\n<div>\n<p>Mediante el env\u00edo de informaci\u00f3n en la p\u00e1gina Trabaja con nosotros de la presente web declaro haber sido informado en cumplimiento del Reglamento General de Proteccio\u0301n de Datos (UE) 2016\/679 del Parlamento Europeo y del Consejo de 27 de abril de 2016 y de la Ley Orga\u0301nica 3\/2018 de 5 de diciembre de Proteccio\u0301n de Datos Personales y garanti\u0301a de los derechos digitales, de lo siguiente:<\/p>\n<p>a) Que los datos proporcionados en el curriculum que he entregado fi\u0301sicamente, sera\u0301n objeto de tratamiento por parte de GASTROCASUAL S.L con domicilio en CALLE TABLAS No 16, con el fin de mantenerme informado de las distintas vacantes a un puesto de trabajo que se produzcan en dicha organizacio\u0301n. En caso de que mi perfil profesional no sea de intere\u0301s, mis datos sera\u0301n destruidos.<\/p>\n<p>b) Que la base legal del tratamiento de mis datos se encuentra en el consentimiento por mi prestado.<\/p>\n<p>c) Que los datos proporcionados se conservara\u0301n hasta la adjudicacio\u0301n de un puesto de trabajo y\/o en su defecto durante un plazo ma\u0301ximo de tres an\u0303os, transcurrido el cual se procedera\u0301 a su destruccio\u0301n o hasta que ejerza mi derecho de cancelacio\u0301n.<\/p>\n<p>d) Que podre\u0301 ejercer el derecho a obtener confirmacio\u0301n sobre si en GASTROCASUAL S.L esta\u0301n tratando mis datos personales, por tanto el derecho a acceder, rectificar los datos inexactos, derecho a ejercer la limitacio\u0301n del tratamiento, portabilidad, oposicio\u0301n al tratamiento o supresio\u0301n de mis datos mediante escrito dirigido a la direccio\u0301n postal arriba mencionada o electro\u0301nica papeleo@bysancho.com adjuntado copia del DNI en ambos casos, asi\u0301 como del derecho a presentar una reclamacio\u0301n ante la Autoridad de Control (aepd.es).<\/p>\n<\/div>\n<\/div>\n<\/div>\n<p><\/p>\t\t\t\t\t\t\t\t<\/div>\n\t\t\t\t<\/div>\n\t\t\t\t\t<\/div>\n\t\t\t\t<\/div>\n\t\t\t\t<\/div>","protected":false},"excerpt":{"rendered":"<p>Recogida de datos en p\u00e1gina web (LSSICE + LOPD) En cumplimiento del Reglamento General de Proteccio\u0301n de Datos (UE) 2016\/679 del Parlamento Europeo y del Consejo de 27 de abril de 2016 y la ley orga\u0301nica 3\/2018 de 5 de diciembre de Proteccio\u0301n de Datos Personales y de Garanti\u0301a de los Derechos Digitales le informamos [&hellip;]<\/p>\n","protected":false},"author":1,"featured_media":0,"parent":0,"menu_order":0,"comment_status":"closed","ping_status":"closed","template":"","meta":{"footnotes":""},"class_list":["post-3","page","type-page","status-publish","hentry"],"jetpack_sharing_enabled":true,"_links":{"self":[{"href":"https:\/\/sanchocasualburger.com\/en\/wp-json\/wp\/v2\/pages\/3","targetHints":{"allow":["GET"]}}],"collection":[{"href":"https:\/\/sanchocasualburger.com\/en\/wp-json\/wp\/v2\/pages"}],"about":[{"href":"https:\/\/sanchocasualburger.com\/en\/wp-json\/wp\/v2\/types\/page"}],"author":[{"embeddable":true,"href":"https:\/\/sanchocasualburger.com\/en\/wp-json\/wp\/v2\/users\/1"}],"replies":[{"embeddable":true,"href":"https:\/\/sanchocasualburger.com\/en\/wp-json\/wp\/v2\/comments?post=3"}],"version-history":[{"count":0,"href":"https:\/\/sanchocasualburger.com\/en\/wp-json\/wp\/v2\/pages\/3\/revisions"}],"wp:attachment":[{"href":"https:\/\/sanchocasualburger.com\/en\/wp-json\/wp\/v2\/media?parent=3"}],"curies":[{"name":"wp","href":"https:\/\/api.w.org\/{rel}","templated":true}]}}